{"id":8,"date":"2022-08-28T12:38:42","date_gmt":"2022-08-28T12:38:42","guid":{"rendered":"http:\/\/osrodekzdrowie.pl\/?page_id=8"},"modified":"2024-06-18T21:36:00","modified_gmt":"2024-06-18T21:36:00","slug":"strona-glowna","status":"publish","type":"page","link":"https:\/\/osrodekzdrowie.pl\/","title":{"rendered":"STRONA G\u0141\u00d3WNA"},"content":{"rendered":"\n<div class=\"wp-block-buttons is-layout-flex wp-block-buttons-is-layout-flex\">\n<div class=\"wp-block-button has-custom-width wp-block-button__width-100 is-style-fill\"><a class=\"wp-block-button__link has-vivid-cyan-blue-background-color has-background wp-element-button\" href=\"http:\/\/osrodekzdrowie.pl\/\">STRONA G\u0141\u00d3WNA<\/a><\/div>\n<\/div>\n\n\n\n<div class=\"wp-block-buttons is-layout-flex wp-block-buttons-is-layout-flex\">\n<div class=\"wp-block-button has-custom-width wp-block-button__width-100\"><a class=\"wp-block-button__link wp-element-button\" href=\"http:\/\/osrodekzdrowie.pl\/?page_id=13\">DLA PACJENTA<\/a><\/div>\n<\/div>\n\n\n\n<div class=\"wp-block-buttons is-layout-flex wp-block-buttons-is-layout-flex\">\n<div class=\"wp-block-button has-custom-width wp-block-button__width-100\"><a class=\"wp-block-button__link wp-element-button\" href=\"http:\/\/osrodekzdrowie.pl\/?page_id=19\">NASZ PERSONEL<\/a><\/div>\n<\/div>\n\n\n\n<div class=\"wp-block-buttons is-layout-flex wp-block-buttons-is-layout-flex\">\n<div class=\"wp-block-button has-custom-width wp-block-button__width-100\"><a class=\"wp-block-button__link wp-element-button\" href=\"http:\/\/osrodekzdrowie.pl\/?page_id=15\">GALERIA<\/a><\/div>\n<\/div>\n\n\n\n<div class=\"wp-block-buttons is-layout-flex wp-block-buttons-is-layout-flex\">\n<div class=\"wp-block-button has-custom-width wp-block-button__width-100 is-style-fill\"><a class=\"wp-block-button__link wp-element-button\" href=\"http:\/\/osrodekzdrowie.pl\/?page_id=17\">KONTAKT<\/a><\/div>\n<\/div>\n\n\n\n<div class=\"wp-block-columns is-layout-flex wp-container-core-columns-is-layout-28f84493 wp-block-columns-is-layout-flex\">\n<div class=\"wp-block-column is-layout-flow wp-block-column-is-layout-flow\" style=\"flex-basis:100%\"><\/div>\n<\/div>\n\n\n\n<div class=\"wp-block-columns is-layout-flex wp-container-core-columns-is-layout-28f84493 wp-block-columns-is-layout-flex\">\n<div class=\"wp-block-column is-layout-flow wp-block-column-is-layout-flow\" style=\"flex-basis:100%\">\n<div class=\"wp-block-columns is-layout-flex wp-container-core-columns-is-layout-28f84493 wp-block-columns-is-layout-flex\">\n<div class=\"wp-block-column is-layout-flow wp-block-column-is-layout-flow\" style=\"flex-basis:66.66%\"><\/div>\n\n\n\n<div class=\"wp-block-column is-layout-flow wp-block-column-is-layout-flow\" style=\"flex-basis:33.33%\"><\/div>\n<\/div>\n<\/div>\n<\/div>\n\n\n\n<p><b><font color=\"red\">Podstawowe informacje<\/font><\/b><\/p>\n\n\n\n<p>Od 2011 roku prowadzimy przychodni\u0119 Podstawowej Opieki Zdrowotnej zlokalizowan\u0105 w Krakowie, przy ul. Monti\u0142\u0142a-Mireckiego 10\/3.<\/p>\n<p>Udzielamy \u015bwiadcze\u0144 finansowanych przez Narodowy Fundusz Zdrowia oraz \u015bwiadcze\u0144 odp\u0142atnych.<\/p>\n<p>Aby zosta\u0107 sta\u0142ym pacjentem POZ, nale\u017cy z\u0142o\u017cy\u0107 tzw. <a href=\"http:\/\/osrodekzdrowie.pl\/?page_id=13\"><b>deklaracj\u0119 wyboru <font color=\"blue\">lekarza<\/font> POZ<\/b><\/a> oraz <a href=\"http:\/\/osrodekzdrowie.pl\/?page_id=13\"><b>deklaracj\u0119 wyboru <font color=\"blue\">piel\u0119gniarki<\/font> POZ<\/b><\/a>. Kobiety mog\u0105 dodatkowo z\u0142o\u017cy\u0107 <a href=\"http:\/\/osrodekzdrowie.pl\/?page_id=13\"><b>deklaracj\u0119 wyboru <font color=\"blue\">po\u0142o\u017cnej<\/font> POZ<\/b><\/a>.<\/p>\n\n\n<p><!-- \/wp:post-content --><\/p>","protected":false},"excerpt":{"rendered":"<p>Podstawowe informacje Od 2011 roku prowadzimy przychodni\u0119 Podstawowej Opieki Zdrowotnej zlokalizowan\u0105 w Krakowie, przy ul. Monti\u0142\u0142a-Mireckiego 10\/3. Udzielamy \u015bwiadcze\u0144 finansowanych przez Narodowy Fundusz Zdrowia oraz \u015bwiadcze\u0144 odp\u0142atnych. Aby zosta\u0107 sta\u0142ym pacjentem POZ, nale\u017cy z\u0142o\u017cy\u0107 tzw. deklaracj\u0119 wyboru lekarza POZ oraz deklaracj\u0119 wyboru piel\u0119gniarki POZ. Kobiety mog\u0105 dodatkowo z\u0142o\u017cy\u0107 deklaracj\u0119 wyboru po\u0142o\u017cnej POZ.<\/p>\n","protected":false},"author":1,"featured_media":0,"parent":0,"menu_order":0,"comment_status":"closed","ping_status":"closed","template":"","meta":{"footnotes":""},"class_list":["post-8","page","type-page","status-publish","hentry"],"_links":{"self":[{"href":"https:\/\/osrodekzdrowie.pl\/index.php?rest_route=\/wp\/v2\/pages\/8","targetHints":{"allow":["GET"]}}],"collection":[{"href":"https:\/\/osrodekzdrowie.pl\/index.php?rest_route=\/wp\/v2\/pages"}],"about":[{"href":"https:\/\/osrodekzdrowie.pl\/index.php?rest_route=\/wp\/v2\/types\/page"}],"author":[{"embeddable":true,"href":"https:\/\/osrodekzdrowie.pl\/index.php?rest_route=\/wp\/v2\/users\/1"}],"replies":[{"embeddable":true,"href":"https:\/\/osrodekzdrowie.pl\/index.php?rest_route=%2Fwp%2Fv2%2Fcomments&post=8"}],"version-history":[{"count":33,"href":"https:\/\/osrodekzdrowie.pl\/index.php?rest_route=\/wp\/v2\/pages\/8\/revisions"}],"predecessor-version":[{"id":174,"href":"https:\/\/osrodekzdrowie.pl\/index.php?rest_route=\/wp\/v2\/pages\/8\/revisions\/174"}],"wp:attachment":[{"href":"https:\/\/osrodekzdrowie.pl\/index.php?rest_route=%2Fwp%2Fv2%2Fmedia&parent=8"}],"curies":[{"name":"wp","href":"https:\/\/api.w.org\/{rel}","templated":true}]}}